{"id":40,"date":"2021-05-26T19:20:55","date_gmt":"2021-05-26T17:20:55","guid":{"rendered":"http:\/\/newdealfactory.com\/index.php\/la-new-deal-community\/"},"modified":"2022-12-18T23:37:55","modified_gmt":"2022-12-18T22:37:55","slug":"la-new-deal-community","status":"publish","type":"page","link":"https:\/\/newdealfactory.com\/index.php\/la-new-deal-community\/","title":{"rendered":"La New Deal Community"},"content":{"rendered":"\n    \n    <section class=\"u-align-center u-clearfix u-section-2\" id=\"carousel_e292\">\n      <div class=\"u-clearfix u-sheet u-sheet-1\">\n        <div class=\"u-shape u-shape-svg u-text-custom-color-9 u-shape-1\">\n          <svg class=\"u-svg-link\" preserveAspectRatio=\"none\" viewBox=\"0 0 160 160\" style=\"\"><use xmlns:xlink=\"http:\/\/www.w3.org\/1999\/xlink\" xlink:href=\"#svg-a0bf\"><\/use><\/svg>\n          <svg class=\"u-svg-content\" viewBox=\"0 0 160 160\" x=\"0px\" y=\"0px\" id=\"svg-a0bf\" style=\"enable-background:new 0 0 160 160;\"><path d=\"M80,30c27.6,0,50,22.4,50,50s-22.4,50-50,50s-50-22.4-50-50S52.4,30,80,30 M80,0C35.8,0,0,35.8,0,80s35.8,80,80,80\n\ts80-35.8,80-80S124.2,0,80,0L80,0z\"><\/path><\/svg>\n        <\/div>\n        <div class=\"u-custom-color-7 u-shape u-shape-circle u-shape-2\"><\/div>\n        <div class=\"u-container-style u-expanded-width-xs u-group u-palette-5-light-2 u-group-1\">\n          <div class=\"u-container-layout u-container-layout-1\">\n            <h1 class=\"u-text u-text-1\">La New Deal Community<\/h1>\n            <p class=\"u-align-justify u-large-text u-text u-text-variant u-text-2\">LA New Deal\nCommunity est un lieu virtuel et physique o\u00f9 nos clients peuvent venir \u00e9changer\net rencontrer des CFO de transition pour r\u00e9pondre \u00e0 des moments critiques de la\nvie de l\u2019entreprise : gestion de la croissance, post-deal int\u00e9gration, gestion\nde crise, p\u00e9riode de ramp-up, assistance \u00e0 la lev\u00e9e de financements plus ou\nmoins complexes, pr\u00e9paration \u00e0 la transmission des entreprises par exemple. <br>\n              <br>Nous\nidentifions les meilleurs profils de CFO ayant des comp\u00e9tences pointues sur ces\nprobl\u00e9matiques complexes et vous proposons des formules de d\u00e9tachement en leur\nmettant \u00e0 disposition des \u00e9quipes New Deal Factory qui permettront de proposer un pricing adapt\u00e9 \u00e0 vos\nbesoins. <br>\n              <br>Nous\nsouhaitons devenir un acteur incontournable de la Direction Financi\u00e8re de\nTransition d\u00e9di\u00e9 \u00e0 nos clients corporate et fonds d'investissement en s\u00e9lectionnant\nles meilleurs profils et en vous proposant des solutions \u00e9conomiquement\nadapt\u00e9es \u00e0 la taille et aux besoins de vos entreprises et de vos\nparticipations. \n            <\/p>\n          <\/div>\n        <\/div>\n        <a href=\"#\" class=\"u-active-custom-color-6 u-btn u-btn-round u-button-style u-color-scheme-summer-time u-color-style-multicolor-1 u-custom-color-7 u-hover-custom-color-5 u-radius-25 u-btn-1\">Rejoignez nous<\/a>\n        <div class=\"u-expanded-width-xs u-image u-image-circle u-image-1\" data-image-width=\"1280\" data-image-height=\"671\"><\/div>\n      <\/div>\n    <\/section>\n    <section class=\"u-clearfix u-palette-5-light-2 u-section-3\" id=\"sec-1ee4\">\n      <div class=\"u-clearfix u-sheet u-sheet-1\">\n        <div class=\"u-clearfix u-expanded-width u-layout-wrap u-layout-wrap-1\">\n          <div class=\"u-gutter-0 u-layout\">\n            <div class=\"u-layout-row\">\n              <div class=\"u-container-style u-layout-cell u-size-60 u-layout-cell-1\">\n                <div class=\"u-container-layout u-container-layout-1\">\n                  <div class=\"u-custom-color-6 u-hidden-xs u-shape u-shape-circle u-shape-1\"><\/div>\n                  <div class=\"u-custom-color-4 u-shape u-shape-circle u-shape-2\"><\/div>\n                  <div class=\"u-custom-color-8 u-shape u-shape-circle u-shape-3\"><\/div>\n                  <div class=\"u-align-center u-container-style u-custom-color-7 u-group u-shape-circle u-group-1\">\n                    <div class=\"u-container-layout u-container-layout-2\">\n                      <h2 class=\"u-text u-text-1\">Contactez&nbsp;<br>nous \n                      <\/h2>\n                      <p class=\"u-small-text u-text u-text-variant u-text-2\"><span class=\"u-icon\"><svg class=\"u-svg-content\" viewBox=\"0 0 405.333 405.333\" x=\"0px\" y=\"0px\"><path d=\"M373.333,266.88c-25.003,0-49.493-3.904-72.704-11.563c-11.328-3.904-24.192-0.896-31.637,6.699l-46.016,34.752    c-52.8-28.181-86.592-61.952-114.389-114.368l33.813-44.928c8.512-8.512,11.563-20.971,7.915-32.64    C142.592,81.472,138.667,56.96,138.667,32c0-17.643-14.357-32-32-32H32C14.357,0,0,14.357,0,32    c0,205.845,167.488,373.333,373.333,373.333c17.643,0,32-14.357,32-32V298.88C405.333,281.237,390.976,266.88,373.333,266.88z\"><\/path><\/svg><img><\/span>&nbsp; &nbsp;Florence VALENTIN&nbsp;<br>\n                        <a href=\"tel:0672665234\" class=\"u-active-none u-border-none u-btn u-button-link u-button-style u-hover-none u-none u-text-body-alt-color u-btn-1\">+33 6 72 66 52 34<\/a>\n                        <br>\n                        <a href=\"mailto:f.valentin@newdealfactory.com\" class=\"u-active-none u-border-none u-btn u-button-link u-button-style u-hover-none u-none u-text-body-alt-color u-btn-2\">f.valentin@newdealfactory.com<\/a>\n                      <\/p>\n                      <p class=\"u-small-text u-text u-text-variant u-text-3\">\n                        <br>\n                        <br>\n                      <\/p>\n                      <a href=\"https:\/\/nicepage.com\/k\/quiz-html-templates\" class=\"u-active-none u-btn u-btn-rectangle u-button-style u-hover-none u-none u-text-body-alt-color u-btn-3\"><span class=\"u-icon u-icon-2\"><svg class=\"u-svg-content\" viewBox=\"0 0 512 512\" x=\"0px\" y=\"0px\" style=\"width: 1em; height: 1em;\"><g><g><path d=\"M256,0C166.035,0,91,72.47,91,165c0,35.202,10.578,66.592,30.879,96.006l121.494,189.58    c5.894,9.216,19.372,9.198,25.254,0l122.021-190.225C410.512,232.28,421,199.307,421,165C421,74.019,346.981,0,256,0z M256,240    c-41.353,0-75-33.647-75-75c0-41.353,33.647-75,75-75c41.353,0,75,33.647,75,75C331,206.353,297.353,240,256,240z\"><\/path>\n<\/g>\n<\/g><g><g><path d=\"M373.264,344.695l-75.531,118.087c-19.551,30.482-64.024,30.382-83.481,0.029l-75.654-118.085    C72.034,360.116,31,388.309,31,422c0,58.462,115.928,90,225,90s225-31.538,225-90C481,388.285,439.909,360.077,373.264,344.695z\"><\/path>\n<\/g>\n<\/g><\/svg><img><\/span>&nbsp;1330 Avenue Guillibert<br>&nbsp;de la Lauzi\u00e8re<br>Europarc de Pichaury Bat D5<u><\/u><u><\/u>\n                        <br>13290&nbsp;<u><\/u><u><\/u>Aix-en-Provence&nbsp; \n                      <\/a>\n                    <\/div>\n                  <\/div>\n                <\/div>\n              <\/div>\n            <\/div>\n          <\/div>\n        <\/div>\n      <\/div>\n    <\/section>\n    \n    \n    \n  \n","protected":false},"excerpt":{"rendered":"<p>La New Deal Community LA New Deal Community est un lieu virtuel et physique o\u00f9 nos clients peuvent venir \u00e9changer et rencontrer des CFO de transition pour r\u00e9pondre \u00e0 des moments critiques de la vie de l\u2019entreprise : gestion de la croissance, post-deal int\u00e9gration, gestion de crise, p\u00e9riode de ramp-up, assistance \u00e0 la lev\u00e9e de &hellip; <a href=\"https:\/\/newdealfactory.com\/index.php\/la-new-deal-community\/\" class=\"more-link\">Continue reading<span class=\"screen-reader-text\"> \u00ab\u00a0La New Deal Community\u00a0\u00bb<\/span><\/a><\/p>\n","protected":false},"author":1,"featured_media":0,"parent":0,"menu_order":2,"comment_status":"closed","ping_status":"closed","template":"","meta":{"spay_email":""},"yoast_head":"<!-- This site is optimized with the Yoast SEO plugin v16.4 - https:\/\/yoast.com\/wordpress\/plugins\/seo\/ -->\n<title>La New Deal Community - New Deal Factory<\/title>\n<meta name=\"robots\" content=\"index, follow, max-snippet:-1, max-image-preview:large, max-video-preview:-1\" \/>\n<link rel=\"canonical\" href=\"https:\/\/newdealfactory.com\/index.php\/la-new-deal-community\/\" \/>\n<meta property=\"og:locale\" content=\"fr_FR\" \/>\n<meta property=\"og:type\" content=\"article\" \/>\n<meta property=\"og:title\" content=\"La New Deal Community - New Deal Factory\" \/>\n<meta property=\"og:description\" content=\"La New Deal Community LA New Deal Community est un lieu virtuel et physique o\u00f9 nos clients peuvent venir \u00e9changer et rencontrer des CFO de transition pour r\u00e9pondre \u00e0 des moments critiques de la vie de l\u2019entreprise : gestion de la croissance, post-deal int\u00e9gration, gestion de crise, p\u00e9riode de ramp-up, assistance \u00e0 la lev\u00e9e de &hellip; Continue reading &quot;La New Deal Community&quot;\" \/>\n<meta property=\"og:url\" content=\"https:\/\/newdealfactory.com\/index.php\/la-new-deal-community\/\" \/>\n<meta property=\"og:site_name\" content=\"New Deal Factory\" \/>\n<meta property=\"article:modified_time\" content=\"2022-12-18T22:37:55+00:00\" \/>\n<meta name=\"twitter:card\" content=\"summary_large_image\" \/>\n<meta name=\"twitter:label1\" content=\"Dur\u00e9e de lecture est.\" \/>\n\t<meta name=\"twitter:data1\" content=\"1 minute\" \/>\n<script type=\"application\/ld+json\" class=\"yoast-schema-graph\">{\"@context\":\"https:\/\/schema.org\",\"@graph\":[{\"@type\":\"WebSite\",\"@id\":\"https:\/\/newdealfactory.com\/#website\",\"url\":\"https:\/\/newdealfactory.com\/\",\"name\":\"New Deal Factory\",\"description\":\"Transaction-Restructuration-Transition\",\"potentialAction\":[{\"@type\":\"SearchAction\",\"target\":\"https:\/\/newdealfactory.com\/?s={search_term_string}\",\"query-input\":\"required name=search_term_string\"}],\"inLanguage\":\"fr-FR\"},{\"@type\":\"WebPage\",\"@id\":\"https:\/\/newdealfactory.com\/index.php\/la-new-deal-community\/#webpage\",\"url\":\"https:\/\/newdealfactory.com\/index.php\/la-new-deal-community\/\",\"name\":\"La New Deal Community - New Deal Factory\",\"isPartOf\":{\"@id\":\"https:\/\/newdealfactory.com\/#website\"},\"datePublished\":\"2021-05-26T17:20:55+00:00\",\"dateModified\":\"2022-12-18T22:37:55+00:00\",\"breadcrumb\":{\"@id\":\"https:\/\/newdealfactory.com\/index.php\/la-new-deal-community\/#breadcrumb\"},\"inLanguage\":\"fr-FR\",\"potentialAction\":[{\"@type\":\"ReadAction\",\"target\":[\"https:\/\/newdealfactory.com\/index.php\/la-new-deal-community\/\"]}]},{\"@type\":\"BreadcrumbList\",\"@id\":\"https:\/\/newdealfactory.com\/index.php\/la-new-deal-community\/#breadcrumb\",\"itemListElement\":[{\"@type\":\"ListItem\",\"position\":1,\"item\":{\"@type\":\"WebPage\",\"@id\":\"https:\/\/newdealfactory.com\/\",\"url\":\"https:\/\/newdealfactory.com\/\",\"name\":\"Accueil\"}},{\"@type\":\"ListItem\",\"position\":2,\"item\":{\"@id\":\"https:\/\/newdealfactory.com\/index.php\/la-new-deal-community\/#webpage\"}}]}]}<\/script>\n<!-- \/ Yoast SEO plugin. -->","_links":{"self":[{"href":"https:\/\/newdealfactory.com\/index.php\/wp-json\/wp\/v2\/pages\/40"}],"collection":[{"href":"https:\/\/newdealfactory.com\/index.php\/wp-json\/wp\/v2\/pages"}],"about":[{"href":"https:\/\/newdealfactory.com\/index.php\/wp-json\/wp\/v2\/types\/page"}],"author":[{"embeddable":true,"href":"https:\/\/newdealfactory.com\/index.php\/wp-json\/wp\/v2\/users\/1"}],"replies":[{"embeddable":true,"href":"https:\/\/newdealfactory.com\/index.php\/wp-json\/wp\/v2\/comments?post=40"}],"version-history":[{"count":3,"href":"https:\/\/newdealfactory.com\/index.php\/wp-json\/wp\/v2\/pages\/40\/revisions"}],"predecessor-version":[{"id":109,"href":"https:\/\/newdealfactory.com\/index.php\/wp-json\/wp\/v2\/pages\/40\/revisions\/109"}],"wp:attachment":[{"href":"https:\/\/newdealfactory.com\/index.php\/wp-json\/wp\/v2\/media?parent=40"}],"curies":[{"name":"wp","href":"https:\/\/api.w.org\/{rel}","templated":true}]}}